{"id":804,"date":"2014-12-22T15:25:15","date_gmt":"2014-12-22T14:25:15","guid":{"rendered":"https:\/\/bassinminier.lineal.digital\/?page_id=804"},"modified":"2021-09-17T14:41:06","modified_gmt":"2021-09-17T13:41:06","slug":"mentions-legales","status":"publish","type":"page","link":"https:\/\/bassinminier-patrimoinemondial.org\/en\/mentions-legales\/","title":{"rendered":"Imprint"},"content":{"rendered":"<h2>Directeur de publication<\/h2>\n<p>Madame Cathy Apourceau-Poly, Pr\u00e9sidente de la Mission Bassin Minier Nord-Pas de Calais<\/p>\n<p>Mission Bassin Minier Nord-Pas de Calais<br \/>\nCarreau de Fosse du 9-9bis<\/p>\n<p>Rue du Tordoir \u2013 BP 16 \u2013 F 62590 OIGNIES<\/p>\n<p>T\u00e9l. : +33(0)3 21 08 72 72<\/p>\n<p><a href=\"http:\/\/www.missionbassinminier.org\/\" target=\"_blank\" rel=\"noopener\">www.missionbassinminier.org<\/a><\/p>\n<p>&nbsp;<\/p>\n<h2>H\u00e9bergement<\/h2>\n<p>Soci\u00e9t\u00e9 OVH<\/p>\n<p>Si\u00e8ge social : 2 rue Kellermann &#8211; 59100 Roubaix &#8211; France.<\/p>\n<p><a href=\"http:\/\/www.ovh.com\" target=\"_blank\" rel=\"noopener\">www.ovh.com<\/a><\/p>\n<p>&nbsp;<\/p>\n<h2>Conception \/ R\u00e9alisation<\/h2>\n<p>Mission Bassin Minier Nord-Pas de Calais en partenariat avec l\u2019<a href=\"http:\/\/www.iut-lens.univ-artois.fr\/\" target=\"_blank\" rel=\"noopener\">IUT de Lens \u2013 Universit\u00e9 d\u2019Artois<\/a>. Le site Bassin minier Nord-Pas de Calais Patrimoine mondial a \u00e9t\u00e9 r\u00e9alis\u00e9 par Cl\u00e9ment Pilate et Cyndie Lim, \u00e9tudiants en Licence Professionnelle TAIS Conception Web et Produits Multim\u00e9dias, Promotion 2014-2015.<\/p>\n<p>&nbsp;<\/p>\n<h2>Ligne \u00e9ditoriale<\/h2>\n<p>Mission Bassin Minier Nord-Pas de Calais<\/p>\n<p>&nbsp;<\/p>\n<h2>Webmestre<\/h2>\n<p><a href=\"mailto:mhenneau@missionbassinminier.org\">Malory Henneau<\/a><\/p>\n<p>&nbsp;<\/p>\n<h2>Technologies utilis\u00e9es<\/h2>\n<p>Syst\u00e8me de gestion de contenu WordPress<br \/>\nArchitecture\u00a0\u00a0WAMP<\/p>\n<p>&nbsp;<\/p>\n<h2>Droits d&#8217;auteur et propri\u00e9t\u00e9 intellectuelle<\/h2>\n<p>L&#8217;ensemble de ce site rel\u00e8ve de la l\u00e9gislation fran\u00e7aise et internationale sur le droit d&#8217;auteur et la propri\u00e9t\u00e9 intellectuelle. Tous les droits de reproduction sont r\u00e9serv\u00e9s.<\/p>\n<p>La reproduction de tout ou partie de ce site sur un support \u00e9lectronique quel qu&#8217;il soit est formellement interdite sauf autorisation expresse du directeur de la publication.<\/p>\n<p>Les photographies, textes, dessins, images etc. prot\u00e9g\u00e9s par les droits de la propri\u00e9t\u00e9 intellectuelle sont la propri\u00e9t\u00e9 de la Mission Bassin Minier ou de tiers ayant permis \u00e0 la Mission Bassin Minier d&#8217;en faire usage.<\/p>\n<p>&nbsp;<\/p>\n<h2>Cr\u00e9dits photographiques<\/h2>\n<p>Les photos pr\u00e9sentes sur ce site proviennent de plusieurs sources :<\/p>\n<ul>\n<li>\u00a9Mission Bassin Minier Nord-Pas de Calais<\/li>\n<li>\u00a9Bassin Minier Uni (BMU)<\/li>\n<li>\u00a92012, Hubert Bouvet &#8211; R\u00e9gion Nord-Pas de Calais<\/li>\n<li>\u00a9Frutier &#8211; Altimage<\/li>\n<li>\u00a9Samuel Dhote\u00a0&#8211; Mission Bassin Minier<\/li>\n<li>\u00a9Centre Historique Minier Lewarde<\/li>\n<li>\u00a9Jean-Philippe Mattern\u00a0&#8211; Centre historique minier<\/li>\n<li>\u00a9CPIE &#8211; Cha\u00eene des terrils<\/li>\n<li>\u00a9CAUE 62<\/li>\n<li>\u00a9Conservation R\u00e9gionale des Monuments Historiques Nord-Pas de Calais<\/li>\n<li>\u00a9Office de Tourisme et de Congr\u00e8s de Valenciennes M\u00e9tropole<\/li>\n<li>\u00a9Marc Myzoom<\/li>\n<li>\u00a9Valentin Bretel<\/li>\n<\/ul>\n<p>&nbsp;<\/p>\n<h2>Limitation de responsabilit\u00e9<\/h2>\n<p>Le contenu du site est fourni &#8220;en l&#8217;\u00e9tat&#8221;, sans aucune garantie de quelque nature que ce soit. La Mission Bassin Minier ne garantit et ne saurait supporter la moindre responsabilit\u00e9 quant \u00e0 l&#8217;usage qui pourrait \u00eatre fait de ce site.\u00a0En aucun cas, la Mission Bassin Minier ne pourra \u00eatre tenue responsable des dommages de toute nature, directs ou indirects qui r\u00e9sulteraient de l&#8217;utilisation de ce site et notamment des dommages mat\u00e9riels, perte de donn\u00e9es ou de programme, r\u00e9sultant de l&#8217;acc\u00e8s ou de l&#8217;utilisation de ce site ou de tous sites qui lui sont li\u00e9s.\u00a0La Mission Bassin Minier ne peut garantir que les informations du site sont compl\u00e8tes, pr\u00e9cises, exactes, d\u00e9pourvues de toute erreur et \u00e0 jour.\u00a0Toute information pourra \u00eatre modifi\u00e9e sans avertissement pr\u00e9alable.<\/p>\n<p>&nbsp;<\/p>\n<h2>Informations personnelles<\/h2>\n<p>Conform\u00e9ment \u00e0 l&#8217;article 34 de la Loi\u00a0 &#8220;Informatique et Libert\u00e9s&#8221; n\u00b078-17 du 6 janvier 1978, vous disposez d&#8217;un droit d&#8217;acc\u00e8s, de rectification et de suppression des donn\u00e9es nominatives vous concernant. Il vous suffit dans faire la demande aupr\u00e8s du <a href=\"mailto:mhenneau@missionbassinminier.org\">webmestre<\/a>.<\/p>\n<p>&nbsp;<\/p>\n<h2>Liens hypertextes<\/h2>\n<p>Ce site permet l&#8217;\u00e9tablissement de liens vers des sites existants ou h\u00e9berg\u00e9s par des tiers. L&#8217;existence de tels liens entre le site Bassin minier Nord-Pas de Calais Patrimoine mondial et les sites tiers ne signifie pas que la Mission Bassin Minier assume une quelconque garantie et responsabilit\u00e9 quant \u00e0 son contenu ou \u00e0 l&#8217;usage qui peut en \u00eatre fait.\u00a0La Mission Bassin Minier d\u00e9cline toute responsabilit\u00e9 quant aux sites Internet qui poss\u00e8dent un lien vers le site Bassin minier Nord-Pas de Calais Patrimoine mondial.\u00a0Tout lien vers le site Bassin minier Nord-Pas de Calais Patrimoine mondial doit faire l&#8217;objet d&#8217;une demande pr\u00e9alable par courriel au\u00a0<a href=\"mailto:mhenneau@missionbassinminier.org\">webmestre<\/a>.<\/p>\n<p>&nbsp;<\/p>\n<h2>Politique \u00e9ditoriale<\/h2>\n<p>La Mission Bassin Minier se dotera prochainement d&#8217;une charte \u00e9ditoriale dans le but d&#8217;assurer un contenu coh\u00e9rent et de qualit\u00e9 sur le site Bassin minier Nord-Pas de Calais Patrimoine mondial.<\/p>\n","protected":false},"excerpt":{"rendered":"<p>Directeur de publication Madame Cathy Apourceau-Poly, Pr\u00e9sidente de la Mission Bassin Minier Nord-Pas de Calais Mission Bassin Minier Nord-Pas de Calais Carreau de Fosse du 9-9bis Rue du Tordoir \u2013 BP 16 \u2013 F 62590 OIGNIES T\u00e9l. : +33(0)3 21 08 72 72 www.missionbassinminier.org &nbsp; H\u00e9bergement Soci\u00e9t\u00e9 OVH Si\u00e8ge social : 2 rue Kellermann &#8211; [&hellip;]<\/p>\n","protected":false},"author":8,"featured_media":0,"parent":0,"menu_order":29,"comment_status":"closed","ping_status":"closed","template":"","meta":{"_mi_skip_tracking":false,"_monsterinsights_sitenote_active":false,"_monsterinsights_sitenote_note":"","_monsterinsights_sitenote_category":0},"yoast_head":"<!-- This site is optimized with the Yoast SEO plugin v20.9 - https:\/\/yoast.com\/wordpress\/plugins\/seo\/ -->\n<title>Imprint - Minnig Basin World Heritage<\/title>\n<meta name=\"robots\" content=\"index, follow, max-snippet:-1, max-image-preview:large, max-video-preview:-1\" \/>\n<link rel=\"canonical\" href=\"https:\/\/bassinminier-patrimoinemondial.org\/en\/mentions-legales\/\" \/>\n<meta property=\"og:locale\" content=\"fr_FR\" \/>\n<meta property=\"og:type\" content=\"article\" \/>\n<meta property=\"og:title\" content=\"Imprint - Minnig Basin World Heritage\" \/>\n<meta property=\"og:description\" content=\"Directeur de publication Madame Cathy Apourceau-Poly, Pr\u00e9sidente de la Mission Bassin Minier Nord-Pas de Calais Mission Bassin Minier Nord-Pas de Calais Carreau de Fosse du 9-9bis Rue du Tordoir \u2013 BP 16 \u2013 F 62590 OIGNIES T\u00e9l. : +33(0)3 21 08 72 72 www.missionbassinminier.org &nbsp; H\u00e9bergement Soci\u00e9t\u00e9 OVH Si\u00e8ge social : 2 rue Kellermann &#8211; [&hellip;]\" \/>\n<meta property=\"og:url\" content=\"https:\/\/bassinminier-patrimoinemondial.org\/en\/mentions-legales\/\" \/>\n<meta property=\"og:site_name\" content=\"Nord-Pas de Calais Mining Basin - World Heritage\" \/>\n<meta property=\"article:modified_time\" content=\"2021-09-17T13:41:06+00:00\" \/>\n<meta name=\"twitter:label1\" content=\"Dur\u00e9e de lecture estim\u00e9e\" \/>\n\t<meta name=\"twitter:data1\" content=\"3 minutes\" \/>\n<script type=\"application\/ld+json\" class=\"yoast-schema-graph\">{\"@context\":\"https:\/\/schema.org\",\"@graph\":[{\"@type\":\"WebPage\",\"@id\":\"https:\/\/bassinminier-patrimoinemondial.org\/en\/mentions-legales\/\",\"url\":\"https:\/\/bassinminier-patrimoinemondial.org\/en\/mentions-legales\/\",\"name\":\"Imprint - Minnig Basin World Heritage\",\"isPartOf\":{\"@id\":\"https:\/\/bassinminier-patrimoinemondial.org\/en\/#website\"},\"datePublished\":\"2014-12-22T14:25:15+00:00\",\"dateModified\":\"2021-09-17T13:41:06+00:00\",\"breadcrumb\":{\"@id\":\"https:\/\/bassinminier-patrimoinemondial.org\/en\/mentions-legales\/#breadcrumb\"},\"inLanguage\":\"fr-FR\",\"potentialAction\":[{\"@type\":\"ReadAction\",\"target\":[\"https:\/\/bassinminier-patrimoinemondial.org\/en\/mentions-legales\/\"]}]},{\"@type\":\"BreadcrumbList\",\"@id\":\"https:\/\/bassinminier-patrimoinemondial.org\/en\/mentions-legales\/#breadcrumb\",\"itemListElement\":[{\"@type\":\"ListItem\",\"position\":1,\"name\":\"Accueil\",\"item\":\"https:\/\/bassinminier-patrimoinemondial.org\/en\/\"},{\"@type\":\"ListItem\",\"position\":2,\"name\":\"Imprint\"}]},{\"@type\":\"WebSite\",\"@id\":\"https:\/\/bassinminier-patrimoinemondial.org\/en\/#website\",\"url\":\"https:\/\/bassinminier-patrimoinemondial.org\/en\/\",\"name\":\"Nord-Pas de Calais Mining Basin - World Heritage\",\"description\":\"\",\"potentialAction\":[{\"@type\":\"SearchAction\",\"target\":{\"@type\":\"EntryPoint\",\"urlTemplate\":\"https:\/\/bassinminier-patrimoinemondial.org\/en\/?s={search_term_string}\"},\"query-input\":\"required name=search_term_string\"}],\"inLanguage\":\"fr-FR\"}]}<\/script>\n<!-- \/ Yoast SEO plugin. -->","yoast_head_json":{"title":"Imprint - Minnig Basin World Heritage","robots":{"index":"index","follow":"follow","max-snippet":"max-snippet:-1","max-image-preview":"max-image-preview:large","max-video-preview":"max-video-preview:-1"},"canonical":"https:\/\/bassinminier-patrimoinemondial.org\/en\/mentions-legales\/","og_locale":"fr_FR","og_type":"article","og_title":"Imprint - Minnig Basin World Heritage","og_description":"Directeur de publication Madame Cathy Apourceau-Poly, Pr\u00e9sidente de la Mission Bassin Minier Nord-Pas de Calais Mission Bassin Minier Nord-Pas de Calais Carreau de Fosse du 9-9bis Rue du Tordoir \u2013 BP 16 \u2013 F 62590 OIGNIES T\u00e9l. : +33(0)3 21 08 72 72 www.missionbassinminier.org &nbsp; H\u00e9bergement Soci\u00e9t\u00e9 OVH Si\u00e8ge social : 2 rue Kellermann &#8211; [&hellip;]","og_url":"https:\/\/bassinminier-patrimoinemondial.org\/en\/mentions-legales\/","og_site_name":"Nord-Pas de Calais Mining Basin - World Heritage","article_modified_time":"2021-09-17T13:41:06+00:00","twitter_misc":{"Dur\u00e9e de lecture estim\u00e9e":"3 minutes"},"schema":{"@context":"https:\/\/schema.org","@graph":[{"@type":"WebPage","@id":"https:\/\/bassinminier-patrimoinemondial.org\/en\/mentions-legales\/","url":"https:\/\/bassinminier-patrimoinemondial.org\/en\/mentions-legales\/","name":"Imprint - Minnig Basin World Heritage","isPartOf":{"@id":"https:\/\/bassinminier-patrimoinemondial.org\/en\/#website"},"datePublished":"2014-12-22T14:25:15+00:00","dateModified":"2021-09-17T13:41:06+00:00","breadcrumb":{"@id":"https:\/\/bassinminier-patrimoinemondial.org\/en\/mentions-legales\/#breadcrumb"},"inLanguage":"fr-FR","potentialAction":[{"@type":"ReadAction","target":["https:\/\/bassinminier-patrimoinemondial.org\/en\/mentions-legales\/"]}]},{"@type":"BreadcrumbList","@id":"https:\/\/bassinminier-patrimoinemondial.org\/en\/mentions-legales\/#breadcrumb","itemListElement":[{"@type":"ListItem","position":1,"name":"Accueil","item":"https:\/\/bassinminier-patrimoinemondial.org\/en\/"},{"@type":"ListItem","position":2,"name":"Imprint"}]},{"@type":"WebSite","@id":"https:\/\/bassinminier-patrimoinemondial.org\/en\/#website","url":"https:\/\/bassinminier-patrimoinemondial.org\/en\/","name":"Nord-Pas de Calais Mining Basin - World Heritage","description":"","potentialAction":[{"@type":"SearchAction","target":{"@type":"EntryPoint","urlTemplate":"https:\/\/bassinminier-patrimoinemondial.org\/en\/?s={search_term_string}"},"query-input":"required name=search_term_string"}],"inLanguage":"fr-FR"}]}},"_links":{"self":[{"href":"https:\/\/bassinminier-patrimoinemondial.org\/en\/wp-json\/wp\/v2\/pages\/804"}],"collection":[{"href":"https:\/\/bassinminier-patrimoinemondial.org\/en\/wp-json\/wp\/v2\/pages"}],"about":[{"href":"https:\/\/bassinminier-patrimoinemondial.org\/en\/wp-json\/wp\/v2\/types\/page"}],"author":[{"embeddable":true,"href":"https:\/\/bassinminier-patrimoinemondial.org\/en\/wp-json\/wp\/v2\/users\/8"}],"replies":[{"embeddable":true,"href":"https:\/\/bassinminier-patrimoinemondial.org\/en\/wp-json\/wp\/v2\/comments?post=804"}],"version-history":[{"count":13,"href":"https:\/\/bassinminier-patrimoinemondial.org\/en\/wp-json\/wp\/v2\/pages\/804\/revisions"}],"predecessor-version":[{"id":3358,"href":"https:\/\/bassinminier-patrimoinemondial.org\/en\/wp-json\/wp\/v2\/pages\/804\/revisions\/3358"}],"wp:attachment":[{"href":"https:\/\/bassinminier-patrimoinemondial.org\/en\/wp-json\/wp\/v2\/media?parent=804"}],"curies":[{"name":"wp","href":"https:\/\/api.w.org\/{rel}","templated":true}]}}