{"id":71,"date":"2014-11-18T14:11:25","date_gmt":"2014-11-18T13:11:25","guid":{"rendered":"https:\/\/bassinminier.lineal.digital\/?p=71"},"modified":"2021-09-17T13:36:53","modified_gmt":"2021-09-17T12:36:53","slug":"a-varied-heritage","status":"publish","type":"page","link":"https:\/\/bassinminier-patrimoinemondial.org\/en\/learning\/a-varied-heritage\/","title":{"rendered":"A varied heritage"},"content":{"rendered":"<p>[vc_row][vc_column width=&#8221;3\/4&#8243; css=&#8221;.vc_custom_1614680299654{border-right-width: 1px !important;border-right-color: #777777 !important;border-right-style: solid !important;}&#8221;][vc_column_text]<\/p>\n<h1>Amazing diversity<\/h1>\n<p>[\/vc_column_text][vc_row_inner content_placement=&#8221;middle&#8221;][vc_column_inner width=&#8221;1\/3&#8243;][vc_single_image source=&#8221;external_link&#8221; alignment=&#8221;center&#8221; custom_src=&#8221;http:\/\/www.bassinminier-patrimoinemondial.org\/wp-content\/uploads\/2014\/11\/127-300&#215;200.jpg&#8221;][\/vc_column_inner][vc_column_inner width=&#8221;2\/3&#8243;][vc_column_text]he Mining Basin is surprising for various reasons. The fact that the landscape still features collieries, headgear structures, waste tips and housing developments refutes the premise that this heritage disappeared along with the coal mining industry. Moreover, the amazing diversity of its landscape does away with the clich\u00e9 of identical black waste tips rising above terraced rows of miners\u2019 houses like little boxes on the hillside! There are actually many different landscapes to be observed between the eastern and western tips of the Mining Basin. From \u00ab mines in the forest \u00bb to \u00ab mines in the countryside \u00bb by way of the industrial cities, the impact of mining takes different shapes according to natural, agricultural and urban specifics of pre-existing territory.[\/vc_column_text][\/vc_column_inner][\/vc_row_inner][vc_row_inner content_placement=&#8221;middle&#8221;][vc_column_inner width=&#8221;2\/3&#8243;][vc_column_text]At the turn of the 19th century, the mining companies were still using the same mine structure, known as \u00ab colliery-waste tip-housing development \u00bb: with waste tips to store the sterile rock and housing developments for the miners clustered around the entrance to the colliery with its surface machinery used for mining coal. Mining lasted for several centuries, and technical progress led to different shapes and types of colliery, headgear structures and waste tips. Moreover, the territory was split up among several private companies. These companies competed against each other, which led to further variety.[\/vc_column_text][\/vc_column_inner][vc_column_inner width=&#8221;1\/3&#8243;][vc_single_image source=&#8221;external_link&#8221; alignment=&#8221;center&#8221; custom_src=&#8221;http:\/\/www.bassinminier-patrimoinemondial.org\/wp-content\/uploads\/2014\/11\/215-300&#215;200.jpg&#8221;][\/vc_column_inner][\/vc_row_inner][vc_column_text]<\/p>\n<h1>To each their own style!<\/h1>\n<p>[\/vc_column_text][vc_row_inner content_placement=&#8221;middle&#8221;][vc_column_inner width=&#8221;1\/3&#8243;][vc_single_image source=&#8221;external_link&#8221; alignment=&#8221;center&#8221; custom_src=&#8221;https:\/\/www.bassinminier-patrimoinemondial.org\/en\/wp-content\/uploads\/2014\/11\/313-300&#215;200.jpg&#8221;][\/vc_column_inner][vc_column_inner width=&#8221;2\/3&#8243;][vc_column_text]For 150 years, the companies developed their own urban architecture and identity within their concessions, enhancing the heritage to a previously unsuspecting degree. As a display of their opulence and to distinguish themselves from the others, they adorned their headgear structures with festoons, roofing and ornamental plates, like huge badges of identity. The company head offices also had to be impressive. As one of the most prosperous mining companies along with Anzin and Courri\u00e8res, the Soci\u00e9te de Lens built its Art D\u00e9co Grand Offices in 1928 with a garden laid out in classic French style.<\/p>\n<p>Attracting a workforce was harder than is mostly supposed. Companies rivalled with each other to offer miners the most attractive housing and the best community facilities. Compagnie d\u2019Aniche housing developments were distinctive, with adorned fa\u00e7ades and gables. The Compagnie d\u2019Anzin decorated its fa\u00e7ades with colourful glazed bricks while that of Lens opted for half-timbering and millstone grit. In 1904, the Soci\u00e9t\u00e9 des Mines de Dourges imported the concept of garden city developments from Britain. This was soon imitated by other companies. For their community facilities, they readily employed renowned architects. The Compagnie des mines de Noeux for example asked architect Constant Moyaux, who won the Grand Prix de Rome, to build Sainte-Barbe\u2019s church. These architectural projects were good publicity and served as landmarks for companies determined to distinguish their concessions.<\/p>\n<p>This highly varied social heritage also applies to the miners and their families. Working class heritage forged its identity in union struggles, and leisure culture specific to the community: sport (especially football), music (miners\u2019 choirs), gardening, pigeon racing etc. A culture which respected the 29 nationalities of miners in the Mining Basin, yet again proving its amazing diversity.[\/vc_column_text][\/vc_column_inner][\/vc_row_inner][vc_column_text]<strong>See also :<\/strong><\/p>\n<ul>\n<li><a href=\"https:\/\/bassinminier-patrimoinemondial.org\/en\/three-centuries-of-history\/\" target=\"_blank\" rel=\"noopener\"> Three centuries of History<\/a><\/li>\n<li><a href=\"https:\/\/bassinminier-patrimoinemondial.org\/en\/a-cultural-landscape\/\" target=\"_blank\" rel=\"noopener\">A cultural landscape<\/a><\/li>\n<\/ul>\n<p>[\/vc_column_text][\/vc_column][vc_column width=&#8221;1\/4&#8243;][vc_column_text]<\/p>\n<p style=\"text-align: left;\"><a href=\"https:\/\/bassinminier-patrimoinemondial.org\/en\/ressources\/\"><span style=\"color: #ecab2e;\"><i class=\"vc_btn3-icon fas fa-download\"><\/i> Downloadable resources<\/span><\/a><\/p>\n<p style=\"text-align: left;\"><span style=\"color: #bb4107;\"><i class=\"vc_btn3-icon fas fa-lightbulb\"><\/i> \u00c9clairage<\/span><\/p>\n<p><a style=\"color: #bb4107;\" href=\"http:\/\/bassinminier-patrimoinemondial.org\/en\/public-facilities\/\">&gt; Public facilities <\/a><br \/>\n<a style=\"color: #bb4107;\" href=\"http:\/\/bassinminier-patrimoinemondial.org\/en\/variety-underground\/\">&gt; Variety underground<\/a>[\/vc_column_text][\/vc_column][\/vc_row]<\/p>\n","protected":false},"excerpt":{"rendered":"<p>[vc_row][vc_column width=&#8221;3\/4&#8243; css=&#8221;.vc_custom_1614680299654{border-right-width: 1px !important;border-right-color: #777777 !important;border-right-style: solid !important;}&#8221;][vc_column_text] Amazing diversity [\/vc_column_text][vc_row_inner content_placement=&#8221;middle&#8221;][vc_column_inner width=&#8221;1\/3&#8243;][vc_single_image source=&#8221;external_link&#8221; alignment=&#8221;center&#8221; custom_src=&#8221;http:\/\/www.bassinminier-patrimoinemondial.org\/wp-content\/uploads\/2014\/11\/127-300&#215;200.jpg&#8221;][\/vc_column_inner][vc_column_inner width=&#8221;2\/3&#8243;][vc_column_text]he Mining Basin is surprising for various reasons. The fact that the landscape still features collieries, headgear structures, waste tips and housing developments refutes the premise that this heritage disappeared along with the coal mining industry. Moreover, the [&hellip;]<\/p>\n","protected":false},"author":8,"featured_media":1156,"parent":3332,"menu_order":3,"comment_status":"closed","ping_status":"closed","template":"","meta":{"_mi_skip_tracking":false,"_monsterinsights_sitenote_active":false,"_monsterinsights_sitenote_note":"","_monsterinsights_sitenote_category":0},"yoast_head":"<!-- This site is optimized with the Yoast SEO plugin v20.9 - https:\/\/yoast.com\/wordpress\/plugins\/seo\/ -->\n<title>A varied heritage - Minnig Basin World Heritage<\/title>\n<meta name=\"robots\" content=\"index, follow, max-snippet:-1, max-image-preview:large, max-video-preview:-1\" \/>\n<link rel=\"canonical\" href=\"https:\/\/bassinminier-patrimoinemondial.org\/en\/learning\/a-varied-heritage\/\" \/>\n<meta property=\"og:locale\" content=\"fr_FR\" \/>\n<meta property=\"og:type\" content=\"article\" \/>\n<meta property=\"og:title\" content=\"A varied heritage - Minnig Basin World Heritage\" \/>\n<meta property=\"og:description\" content=\"[vc_row][vc_column width=&#8221;3\/4&#8243; css=&#8221;.vc_custom_1614680299654{border-right-width: 1px !important;border-right-color: #777777 !important;border-right-style: solid !important;}&#8221;][vc_column_text] Amazing diversity [\/vc_column_text][vc_row_inner content_placement=&#8221;middle&#8221;][vc_column_inner width=&#8221;1\/3&#8243;][vc_single_image source=&#8221;external_link&#8221; alignment=&#8221;center&#8221; custom_src=&#8221;http:\/\/www.bassinminier-patrimoinemondial.org\/wp-content\/uploads\/2014\/11\/127-300&#215;200.jpg&#8221;][\/vc_column_inner][vc_column_inner width=&#8221;2\/3&#8243;][vc_column_text]he Mining Basin is surprising for various reasons. The fact that the landscape still features collieries, headgear structures, waste tips and housing developments refutes the premise that this heritage disappeared along with the coal mining industry. Moreover, the [&hellip;]\" \/>\n<meta property=\"og:url\" content=\"https:\/\/bassinminier-patrimoinemondial.org\/en\/learning\/a-varied-heritage\/\" \/>\n<meta property=\"og:site_name\" content=\"Nord-Pas de Calais Mining Basin - World Heritage\" \/>\n<meta property=\"article:modified_time\" content=\"2021-09-17T12:36:53+00:00\" \/>\n<meta property=\"og:image\" content=\"https:\/\/bassinminier-patrimoinemondial.org\/en\/wp-content\/uploads\/2014\/11\/bandeau_connaitre.jpg\" \/>\n\t<meta property=\"og:image:width\" content=\"2000\" \/>\n\t<meta property=\"og:image:height\" content=\"425\" \/>\n\t<meta property=\"og:image:type\" content=\"image\/jpeg\" \/>\n<meta name=\"twitter:label1\" content=\"Dur\u00e9e de lecture estim\u00e9e\" \/>\n\t<meta name=\"twitter:data1\" content=\"6 minutes\" \/>\n<script type=\"application\/ld+json\" class=\"yoast-schema-graph\">{\"@context\":\"https:\/\/schema.org\",\"@graph\":[{\"@type\":\"WebPage\",\"@id\":\"https:\/\/bassinminier-patrimoinemondial.org\/en\/learning\/a-varied-heritage\/\",\"url\":\"https:\/\/bassinminier-patrimoinemondial.org\/en\/learning\/a-varied-heritage\/\",\"name\":\"A varied heritage - Minnig Basin World Heritage\",\"isPartOf\":{\"@id\":\"https:\/\/bassinminier-patrimoinemondial.org\/en\/#website\"},\"datePublished\":\"2014-11-18T13:11:25+00:00\",\"dateModified\":\"2021-09-17T12:36:53+00:00\",\"breadcrumb\":{\"@id\":\"https:\/\/bassinminier-patrimoinemondial.org\/en\/learning\/a-varied-heritage\/#breadcrumb\"},\"inLanguage\":\"fr-FR\",\"potentialAction\":[{\"@type\":\"ReadAction\",\"target\":[\"https:\/\/bassinminier-patrimoinemondial.org\/en\/learning\/a-varied-heritage\/\"]}]},{\"@type\":\"BreadcrumbList\",\"@id\":\"https:\/\/bassinminier-patrimoinemondial.org\/en\/learning\/a-varied-heritage\/#breadcrumb\",\"itemListElement\":[{\"@type\":\"ListItem\",\"position\":1,\"name\":\"Accueil\",\"item\":\"https:\/\/bassinminier-patrimoinemondial.org\/en\/\"},{\"@type\":\"ListItem\",\"position\":2,\"name\":\"Learning\",\"item\":\"https:\/\/bassinminier-patrimoinemondial.org\/en\/learning\/\"},{\"@type\":\"ListItem\",\"position\":3,\"name\":\"A varied heritage\"}]},{\"@type\":\"WebSite\",\"@id\":\"https:\/\/bassinminier-patrimoinemondial.org\/en\/#website\",\"url\":\"https:\/\/bassinminier-patrimoinemondial.org\/en\/\",\"name\":\"Nord-Pas de Calais Mining Basin - World Heritage\",\"description\":\"\",\"potentialAction\":[{\"@type\":\"SearchAction\",\"target\":{\"@type\":\"EntryPoint\",\"urlTemplate\":\"https:\/\/bassinminier-patrimoinemondial.org\/en\/?s={search_term_string}\"},\"query-input\":\"required name=search_term_string\"}],\"inLanguage\":\"fr-FR\"}]}<\/script>\n<!-- \/ Yoast SEO plugin. -->","yoast_head_json":{"title":"A varied heritage - Minnig Basin World Heritage","robots":{"index":"index","follow":"follow","max-snippet":"max-snippet:-1","max-image-preview":"max-image-preview:large","max-video-preview":"max-video-preview:-1"},"canonical":"https:\/\/bassinminier-patrimoinemondial.org\/en\/learning\/a-varied-heritage\/","og_locale":"fr_FR","og_type":"article","og_title":"A varied heritage - Minnig Basin World Heritage","og_description":"[vc_row][vc_column width=&#8221;3\/4&#8243; css=&#8221;.vc_custom_1614680299654{border-right-width: 1px !important;border-right-color: #777777 !important;border-right-style: solid !important;}&#8221;][vc_column_text] Amazing diversity [\/vc_column_text][vc_row_inner content_placement=&#8221;middle&#8221;][vc_column_inner width=&#8221;1\/3&#8243;][vc_single_image source=&#8221;external_link&#8221; alignment=&#8221;center&#8221; custom_src=&#8221;http:\/\/www.bassinminier-patrimoinemondial.org\/wp-content\/uploads\/2014\/11\/127-300&#215;200.jpg&#8221;][\/vc_column_inner][vc_column_inner width=&#8221;2\/3&#8243;][vc_column_text]he Mining Basin is surprising for various reasons. The fact that the landscape still features collieries, headgear structures, waste tips and housing developments refutes the premise that this heritage disappeared along with the coal mining industry. Moreover, the [&hellip;]","og_url":"https:\/\/bassinminier-patrimoinemondial.org\/en\/learning\/a-varied-heritage\/","og_site_name":"Nord-Pas de Calais Mining Basin - World Heritage","article_modified_time":"2021-09-17T12:36:53+00:00","og_image":[{"width":2000,"height":425,"url":"https:\/\/bassinminier-patrimoinemondial.org\/en\/wp-content\/uploads\/2014\/11\/bandeau_connaitre.jpg","type":"image\/jpeg"}],"twitter_misc":{"Dur\u00e9e de lecture estim\u00e9e":"6 minutes"},"schema":{"@context":"https:\/\/schema.org","@graph":[{"@type":"WebPage","@id":"https:\/\/bassinminier-patrimoinemondial.org\/en\/learning\/a-varied-heritage\/","url":"https:\/\/bassinminier-patrimoinemondial.org\/en\/learning\/a-varied-heritage\/","name":"A varied heritage - Minnig Basin World Heritage","isPartOf":{"@id":"https:\/\/bassinminier-patrimoinemondial.org\/en\/#website"},"datePublished":"2014-11-18T13:11:25+00:00","dateModified":"2021-09-17T12:36:53+00:00","breadcrumb":{"@id":"https:\/\/bassinminier-patrimoinemondial.org\/en\/learning\/a-varied-heritage\/#breadcrumb"},"inLanguage":"fr-FR","potentialAction":[{"@type":"ReadAction","target":["https:\/\/bassinminier-patrimoinemondial.org\/en\/learning\/a-varied-heritage\/"]}]},{"@type":"BreadcrumbList","@id":"https:\/\/bassinminier-patrimoinemondial.org\/en\/learning\/a-varied-heritage\/#breadcrumb","itemListElement":[{"@type":"ListItem","position":1,"name":"Accueil","item":"https:\/\/bassinminier-patrimoinemondial.org\/en\/"},{"@type":"ListItem","position":2,"name":"Learning","item":"https:\/\/bassinminier-patrimoinemondial.org\/en\/learning\/"},{"@type":"ListItem","position":3,"name":"A varied heritage"}]},{"@type":"WebSite","@id":"https:\/\/bassinminier-patrimoinemondial.org\/en\/#website","url":"https:\/\/bassinminier-patrimoinemondial.org\/en\/","name":"Nord-Pas de Calais Mining Basin - World Heritage","description":"","potentialAction":[{"@type":"SearchAction","target":{"@type":"EntryPoint","urlTemplate":"https:\/\/bassinminier-patrimoinemondial.org\/en\/?s={search_term_string}"},"query-input":"required name=search_term_string"}],"inLanguage":"fr-FR"}]}},"_links":{"self":[{"href":"https:\/\/bassinminier-patrimoinemondial.org\/en\/wp-json\/wp\/v2\/pages\/71"}],"collection":[{"href":"https:\/\/bassinminier-patrimoinemondial.org\/en\/wp-json\/wp\/v2\/pages"}],"about":[{"href":"https:\/\/bassinminier-patrimoinemondial.org\/en\/wp-json\/wp\/v2\/types\/page"}],"author":[{"embeddable":true,"href":"https:\/\/bassinminier-patrimoinemondial.org\/en\/wp-json\/wp\/v2\/users\/8"}],"replies":[{"embeddable":true,"href":"https:\/\/bassinminier-patrimoinemondial.org\/en\/wp-json\/wp\/v2\/comments?post=71"}],"version-history":[{"count":72,"href":"https:\/\/bassinminier-patrimoinemondial.org\/en\/wp-json\/wp\/v2\/pages\/71\/revisions"}],"predecessor-version":[{"id":3351,"href":"https:\/\/bassinminier-patrimoinemondial.org\/en\/wp-json\/wp\/v2\/pages\/71\/revisions\/3351"}],"up":[{"embeddable":true,"href":"https:\/\/bassinminier-patrimoinemondial.org\/en\/wp-json\/wp\/v2\/pages\/3332"}],"wp:featuredmedia":[{"embeddable":true,"href":"https:\/\/bassinminier-patrimoinemondial.org\/en\/wp-json\/wp\/v2\/media\/1156"}],"wp:attachment":[{"href":"https:\/\/bassinminier-patrimoinemondial.org\/en\/wp-json\/wp\/v2\/media?parent=71"}],"curies":[{"name":"wp","href":"https:\/\/api.w.org\/{rel}","templated":true}]}}