{"id":69,"date":"2014-11-18T14:11:02","date_gmt":"2014-11-18T13:11:02","guid":{"rendered":"https:\/\/bassinminier.lineal.digital\/?p=69"},"modified":"2021-09-17T15:02:10","modified_gmt":"2021-09-17T14:02:10","slug":"three-centuries-of-history","status":"publish","type":"page","link":"https:\/\/bassinminier-patrimoinemondial.org\/en\/learning\/three-centuries-of-history\/","title":{"rendered":"Three centuries of History"},"content":{"rendered":"<p>[vc_row][vc_column width=&#8221;3\/4&#8243; css=&#8221;.vc_custom_1614680299654{border-right-width: 1px !important;border-right-color: #777777 !important;border-right-style: solid !important;}&#8221;][vc_column_text]<\/p>\n<h1>Geographical background<\/h1>\n<p>[\/vc_column_text][vc_row_inner content_placement=&#8221;middle&#8221;][vc_column_inner width=&#8221;1\/3&#8243;][vc_single_image source=&#8221;external_link&#8221; alignment=&#8221;center&#8221; custom_src=&#8221;https:\/\/www.bassinminier-patrimoinemondial.org\/en\/wp-content\/uploads\/2014\/11\/carte_bassin_minier_europe-250&#215;250.jpg&#8221;][\/vc_column_inner][vc_column_inner width=&#8221;2\/3&#8243;][vc_column_text]The Nord-Pas de Calais Mining Basin is located in the north of France. It is the western-most tip of the continental European coal mining district. On a larger scale, it is part of a coal seam running from Colombia to the Appalachian region in the USA, Eire to Ukraine, Kazakhstan to China and India. The Nord-Pas de Calais seam is one of the largest in North-west Europe, second only to that of the Ruhr Valley in Germany. It is the only large seam that is completely underground, running 120 kilometres long, 12 kilometres wide and 1.2 kilometres deep. Given its geographical location, the Mining Basin is at the centre of a remarkable hub region, the Nord-Pas de Calais, and a major communication hub between major European cities.[\/vc_column_text][\/vc_column_inner][\/vc_row_inner][vc_column_text]<\/p>\n<h1>An eventful history<\/h1>\n<p>[\/vc_column_text][vc_row_inner content_placement=&#8221;middle&#8221;][vc_column_inner width=&#8221;2\/3&#8243;][vc_column_text]In 1720, History was in the making. Jacques Desandrouin discovered low-grade coal in Fresnes-sur-Escaut, in what is now the Nord d\u00e9partement. The territory\u2019s potential for coal-mining was confirmed in 1734, in Anzin, with the discovery of bituminous coal. After much hesitation, the first ever mining company was founded in 1757, the Compagnie des mines d\u2019Anzin, which was to become one of the most powerful companies in France. In 1773, a second company was set up, in Aniche. Through to the mid-19th century, the Bassin du Nord was the only known seam in operation, despite much prospecting towards Arras. The true direction of the seam was only understood when an artesian mineshaft was being sunk by chance in Oignies in 1842. It actually went towards B\u00e9thune. The Pas-de-Calais basin was set to come into being. Mining companies including those of Courri\u00e8res, Lens, B\u00e9thune and Bruay started mushrooming in a frenzy. They would prove highly prosperous. By the late 19th century, the definitive map of the largest Mining Basin in France had been drawn, that of the Nord-Pas de Calais.<\/p>\n<p>[\/vc_column_text][\/vc_column_inner][vc_column_inner width=&#8221;1\/3&#8243;][vc_single_image source=&#8221;external_link&#8221; alignment=&#8221;center&#8221; custom_src=&#8221;http:\/\/www.bassinminier-patrimoinemondial.org\/wp-content\/uploads\/2014\/11\/128-300&#215;204.jpg&#8221;][\/vc_column_inner][\/vc_row_inner][vc_row_inner content_placement=&#8221;middle&#8221;][vc_column_inner width=&#8221;1\/3&#8243;][vc_single_image source=&#8221;external_link&#8221; alignment=&#8221;center&#8221; custom_src=&#8221;http:\/\/www.bassinminier-patrimoinemondial.org\/wp-content\/uploads\/2014\/11\/216-300&#215;159.jpg&#8221;][\/vc_column_inner][vc_column_inner width=&#8221;2\/3&#8243;][vc_column_text]Record production was achieved in 1930, however the first half of the 20th century was studded with major catastrophes: the Courri\u00e8res catastrophe in 1906, in which 1,099 perished; World War I which destroyed two thirds of the territory; World War II which bled the basin dry. A major turning-point came in 1946, with the Basin becoming state property, further to an order in 1944. The \u00ab\u00a0Battle For Coal\u00a0\u00bb, lasting from 1944 to 1947, helped to partly rebuild France. The coal industry went into slow decline in the 1960s, with the last coal being brought up from colliery No. 9-9bis in Oignies on 21 December 1990. Parallel to this, policies to support the reconversion of the territory would lead to the Mining Basin <a title=\"The inscription procedure\" href=\"http:\/\/www.bassinminier-patrimoinemondial.org\/en\/the-inscription-procedure\/\">being nominated<\/a> for World Heritage in the early Noughties.[\/vc_column_text][\/vc_column_inner][\/vc_row_inner][vc_row_inner content_placement=&#8221;middle&#8221;][vc_column_inner width=&#8221;1\/3&#8243;][vc_single_image source=&#8221;external_link&#8221; alignment=&#8221;center&#8221; custom_src=&#8221;https:\/\/www.bassinminier-patrimoinemondial.org\/en\/wp-content\/uploads\/2014\/11\/quelques-chiffres-300&#215;119.png&#8221;][\/vc_column_inner][vc_column_inner width=&#8221;2\/3&#8243;][vc_column_text]In between these important dates, the heritage and landscapes of Mining Basin tell many other stories: the great History of the Industrial revolution and industrialisation; that of technology and innovation in the 19th and 20th centuries, that of industrial architecture, miners\u2019 housing, in Europe and worldwide. As well as all the stories, of both society and of individuals, all those who contributed to the shaping of this territory.[\/vc_column_text][\/vc_column_inner][\/vc_row_inner][vc_column_text]<strong>Find out more :<\/strong><\/p>\n<ul>\n<li><a href=\"http:\/\/www.chm-lewarde.com\/fr\/index.html\" target=\"_blank\" rel=\"noopener\">Historic Mining Centre in Lewarde<\/a><\/li>\n<li><a href=\"http:\/\/www.nordpasdecalais.fr\/jcms\/c_5314\/mineurs-du-monde\" target=\"_blank\" rel=\"noopener\">Miners of the World<\/a><\/li>\n<li><a href=\"http:\/\/fresques.ina.fr\/memoires-de-mines\/\" target=\"_blank\" rel=\"noopener\">Fresco INA Remembering the Mines<\/a><\/li>\n<\/ul>\n<p><strong>See also :<\/strong><\/p>\n<ul>\n<li class=\"\"><a title=\"Lien vers A varied heritage\" href=\"https:\/\/bassinminier-patrimoinemondial.org\/en\/a-varied-heritage\/\" rel=\"bookmark\"> A varied heritage<\/a><\/li>\n<li class=\"\"><a title=\"Lien vers A cultural landscape\" href=\"https:\/\/bassinminier-patrimoinemondial.org\/en\/a-cultural-landscape\/\" rel=\"bookmark\"> A cultural landscape<\/a><\/li>\n<\/ul>\n<p>[\/vc_column_text][\/vc_column][vc_column width=&#8221;1\/4&#8243;][vc_column_text]<\/p>\n<p style=\"text-align: left;\"><a href=\"https:\/\/bassinminier-patrimoinemondial.org\/en\/ressources\/\"><span style=\"color: #ecab2e;\"><i class=\"vc_btn3-icon fas fa-download\"><\/i> Downloadable resources<\/span><\/a><\/p>\n<p style=\"text-align: left;\"><span style=\"color: #bb4107;\"><i class=\"vc_btn3-icon fas fa-lightbulb\"><\/i> \u00c9clairage<\/span><\/p>\n<p><a style=\"color: #bb4107;\" href=\"http:\/\/bassinminier-patrimoinemondial.org\/en\/a-territory-shared-among-mining-companies\/\">&gt; A territory shared among mining companies <\/a>[\/vc_column_text][\/vc_column][\/vc_row]<\/p>\n","protected":false},"excerpt":{"rendered":"<p>[vc_row][vc_column width=&#8221;3\/4&#8243; css=&#8221;.vc_custom_1614680299654{border-right-width: 1px !important;border-right-color: #777777 !important;border-right-style: solid !important;}&#8221;][vc_column_text] Geographical background [\/vc_column_text][vc_row_inner content_placement=&#8221;middle&#8221;][vc_column_inner width=&#8221;1\/3&#8243;][vc_single_image source=&#8221;external_link&#8221; alignment=&#8221;center&#8221; custom_src=&#8221;https:\/\/www.bassinminier-patrimoinemondial.org\/en\/wp-content\/uploads\/2014\/11\/carte_bassin_minier_europe-250&#215;250.jpg&#8221;][\/vc_column_inner][vc_column_inner width=&#8221;2\/3&#8243;][vc_column_text]The Nord-Pas de Calais Mining Basin is located in the north of France. It is the western-most tip of the continental European coal mining district. On a larger scale, it is part of a coal seam running from [&hellip;]<\/p>\n","protected":false},"author":8,"featured_media":1156,"parent":3332,"menu_order":4,"comment_status":"closed","ping_status":"closed","template":"","meta":{"_mi_skip_tracking":false,"_monsterinsights_sitenote_active":false,"_monsterinsights_sitenote_note":"","_monsterinsights_sitenote_category":0},"yoast_head":"<!-- This site is optimized with the Yoast SEO plugin v20.9 - https:\/\/yoast.com\/wordpress\/plugins\/seo\/ -->\n<title>Three centuries of History - Minnig Basin World Heritage<\/title>\n<meta name=\"robots\" content=\"index, follow, max-snippet:-1, max-image-preview:large, max-video-preview:-1\" \/>\n<link rel=\"canonical\" href=\"https:\/\/bassinminier-patrimoinemondial.org\/en\/learning\/three-centuries-of-history\/\" \/>\n<meta property=\"og:locale\" content=\"fr_FR\" \/>\n<meta property=\"og:type\" content=\"article\" \/>\n<meta property=\"og:title\" content=\"Three centuries of History - Minnig Basin World Heritage\" \/>\n<meta property=\"og:description\" content=\"[vc_row][vc_column width=&#8221;3\/4&#8243; css=&#8221;.vc_custom_1614680299654{border-right-width: 1px !important;border-right-color: #777777 !important;border-right-style: solid !important;}&#8221;][vc_column_text] Geographical background [\/vc_column_text][vc_row_inner content_placement=&#8221;middle&#8221;][vc_column_inner width=&#8221;1\/3&#8243;][vc_single_image source=&#8221;external_link&#8221; alignment=&#8221;center&#8221; custom_src=&#8221;https:\/\/www.bassinminier-patrimoinemondial.org\/en\/wp-content\/uploads\/2014\/11\/carte_bassin_minier_europe-250&#215;250.jpg&#8221;][\/vc_column_inner][vc_column_inner width=&#8221;2\/3&#8243;][vc_column_text]The Nord-Pas de Calais Mining Basin is located in the north of France. It is the western-most tip of the continental European coal mining district. On a larger scale, it is part of a coal seam running from [&hellip;]\" \/>\n<meta property=\"og:url\" content=\"https:\/\/bassinminier-patrimoinemondial.org\/en\/learning\/three-centuries-of-history\/\" \/>\n<meta property=\"og:site_name\" content=\"Nord-Pas de Calais Mining Basin - World Heritage\" \/>\n<meta property=\"article:modified_time\" content=\"2021-09-17T14:02:10+00:00\" \/>\n<meta property=\"og:image\" content=\"https:\/\/bassinminier-patrimoinemondial.org\/en\/wp-content\/uploads\/2014\/11\/bandeau_connaitre.jpg\" \/>\n\t<meta property=\"og:image:width\" content=\"2000\" \/>\n\t<meta property=\"og:image:height\" content=\"425\" \/>\n\t<meta property=\"og:image:type\" content=\"image\/jpeg\" \/>\n<meta name=\"twitter:label1\" content=\"Dur\u00e9e de lecture estim\u00e9e\" \/>\n\t<meta name=\"twitter:data1\" content=\"3 minutes\" \/>\n<script type=\"application\/ld+json\" class=\"yoast-schema-graph\">{\"@context\":\"https:\/\/schema.org\",\"@graph\":[{\"@type\":\"WebPage\",\"@id\":\"https:\/\/bassinminier-patrimoinemondial.org\/en\/learning\/three-centuries-of-history\/\",\"url\":\"https:\/\/bassinminier-patrimoinemondial.org\/en\/learning\/three-centuries-of-history\/\",\"name\":\"Three centuries of History - Minnig Basin World Heritage\",\"isPartOf\":{\"@id\":\"https:\/\/bassinminier-patrimoinemondial.org\/en\/#website\"},\"datePublished\":\"2014-11-18T13:11:02+00:00\",\"dateModified\":\"2021-09-17T14:02:10+00:00\",\"breadcrumb\":{\"@id\":\"https:\/\/bassinminier-patrimoinemondial.org\/en\/learning\/three-centuries-of-history\/#breadcrumb\"},\"inLanguage\":\"fr-FR\",\"potentialAction\":[{\"@type\":\"ReadAction\",\"target\":[\"https:\/\/bassinminier-patrimoinemondial.org\/en\/learning\/three-centuries-of-history\/\"]}]},{\"@type\":\"BreadcrumbList\",\"@id\":\"https:\/\/bassinminier-patrimoinemondial.org\/en\/learning\/three-centuries-of-history\/#breadcrumb\",\"itemListElement\":[{\"@type\":\"ListItem\",\"position\":1,\"name\":\"Accueil\",\"item\":\"https:\/\/bassinminier-patrimoinemondial.org\/en\/\"},{\"@type\":\"ListItem\",\"position\":2,\"name\":\"Learning\",\"item\":\"https:\/\/bassinminier-patrimoinemondial.org\/en\/learning\/\"},{\"@type\":\"ListItem\",\"position\":3,\"name\":\"Three centuries of History\"}]},{\"@type\":\"WebSite\",\"@id\":\"https:\/\/bassinminier-patrimoinemondial.org\/en\/#website\",\"url\":\"https:\/\/bassinminier-patrimoinemondial.org\/en\/\",\"name\":\"Nord-Pas de Calais Mining Basin - World Heritage\",\"description\":\"\",\"potentialAction\":[{\"@type\":\"SearchAction\",\"target\":{\"@type\":\"EntryPoint\",\"urlTemplate\":\"https:\/\/bassinminier-patrimoinemondial.org\/en\/?s={search_term_string}\"},\"query-input\":\"required name=search_term_string\"}],\"inLanguage\":\"fr-FR\"}]}<\/script>\n<!-- \/ Yoast SEO plugin. -->","yoast_head_json":{"title":"Three centuries of History - Minnig Basin World Heritage","robots":{"index":"index","follow":"follow","max-snippet":"max-snippet:-1","max-image-preview":"max-image-preview:large","max-video-preview":"max-video-preview:-1"},"canonical":"https:\/\/bassinminier-patrimoinemondial.org\/en\/learning\/three-centuries-of-history\/","og_locale":"fr_FR","og_type":"article","og_title":"Three centuries of History - Minnig Basin World Heritage","og_description":"[vc_row][vc_column width=&#8221;3\/4&#8243; css=&#8221;.vc_custom_1614680299654{border-right-width: 1px !important;border-right-color: #777777 !important;border-right-style: solid !important;}&#8221;][vc_column_text] Geographical background [\/vc_column_text][vc_row_inner content_placement=&#8221;middle&#8221;][vc_column_inner width=&#8221;1\/3&#8243;][vc_single_image source=&#8221;external_link&#8221; alignment=&#8221;center&#8221; custom_src=&#8221;https:\/\/www.bassinminier-patrimoinemondial.org\/en\/wp-content\/uploads\/2014\/11\/carte_bassin_minier_europe-250&#215;250.jpg&#8221;][\/vc_column_inner][vc_column_inner width=&#8221;2\/3&#8243;][vc_column_text]The Nord-Pas de Calais Mining Basin is located in the north of France. It is the western-most tip of the continental European coal mining district. On a larger scale, it is part of a coal seam running from [&hellip;]","og_url":"https:\/\/bassinminier-patrimoinemondial.org\/en\/learning\/three-centuries-of-history\/","og_site_name":"Nord-Pas de Calais Mining Basin - World Heritage","article_modified_time":"2021-09-17T14:02:10+00:00","og_image":[{"width":2000,"height":425,"url":"https:\/\/bassinminier-patrimoinemondial.org\/en\/wp-content\/uploads\/2014\/11\/bandeau_connaitre.jpg","type":"image\/jpeg"}],"twitter_misc":{"Dur\u00e9e de lecture estim\u00e9e":"3 minutes"},"schema":{"@context":"https:\/\/schema.org","@graph":[{"@type":"WebPage","@id":"https:\/\/bassinminier-patrimoinemondial.org\/en\/learning\/three-centuries-of-history\/","url":"https:\/\/bassinminier-patrimoinemondial.org\/en\/learning\/three-centuries-of-history\/","name":"Three centuries of History - Minnig Basin World Heritage","isPartOf":{"@id":"https:\/\/bassinminier-patrimoinemondial.org\/en\/#website"},"datePublished":"2014-11-18T13:11:02+00:00","dateModified":"2021-09-17T14:02:10+00:00","breadcrumb":{"@id":"https:\/\/bassinminier-patrimoinemondial.org\/en\/learning\/three-centuries-of-history\/#breadcrumb"},"inLanguage":"fr-FR","potentialAction":[{"@type":"ReadAction","target":["https:\/\/bassinminier-patrimoinemondial.org\/en\/learning\/three-centuries-of-history\/"]}]},{"@type":"BreadcrumbList","@id":"https:\/\/bassinminier-patrimoinemondial.org\/en\/learning\/three-centuries-of-history\/#breadcrumb","itemListElement":[{"@type":"ListItem","position":1,"name":"Accueil","item":"https:\/\/bassinminier-patrimoinemondial.org\/en\/"},{"@type":"ListItem","position":2,"name":"Learning","item":"https:\/\/bassinminier-patrimoinemondial.org\/en\/learning\/"},{"@type":"ListItem","position":3,"name":"Three centuries of History"}]},{"@type":"WebSite","@id":"https:\/\/bassinminier-patrimoinemondial.org\/en\/#website","url":"https:\/\/bassinminier-patrimoinemondial.org\/en\/","name":"Nord-Pas de Calais Mining Basin - World Heritage","description":"","potentialAction":[{"@type":"SearchAction","target":{"@type":"EntryPoint","urlTemplate":"https:\/\/bassinminier-patrimoinemondial.org\/en\/?s={search_term_string}"},"query-input":"required name=search_term_string"}],"inLanguage":"fr-FR"}]}},"_links":{"self":[{"href":"https:\/\/bassinminier-patrimoinemondial.org\/en\/wp-json\/wp\/v2\/pages\/69"}],"collection":[{"href":"https:\/\/bassinminier-patrimoinemondial.org\/en\/wp-json\/wp\/v2\/pages"}],"about":[{"href":"https:\/\/bassinminier-patrimoinemondial.org\/en\/wp-json\/wp\/v2\/types\/page"}],"author":[{"embeddable":true,"href":"https:\/\/bassinminier-patrimoinemondial.org\/en\/wp-json\/wp\/v2\/users\/8"}],"replies":[{"embeddable":true,"href":"https:\/\/bassinminier-patrimoinemondial.org\/en\/wp-json\/wp\/v2\/comments?post=69"}],"version-history":[{"count":78,"href":"https:\/\/bassinminier-patrimoinemondial.org\/en\/wp-json\/wp\/v2\/pages\/69\/revisions"}],"predecessor-version":[{"id":3366,"href":"https:\/\/bassinminier-patrimoinemondial.org\/en\/wp-json\/wp\/v2\/pages\/69\/revisions\/3366"}],"up":[{"embeddable":true,"href":"https:\/\/bassinminier-patrimoinemondial.org\/en\/wp-json\/wp\/v2\/pages\/3332"}],"wp:featuredmedia":[{"embeddable":true,"href":"https:\/\/bassinminier-patrimoinemondial.org\/en\/wp-json\/wp\/v2\/media\/1156"}],"wp:attachment":[{"href":"https:\/\/bassinminier-patrimoinemondial.org\/en\/wp-json\/wp\/v2\/media?parent=69"}],"curies":[{"name":"wp","href":"https:\/\/api.w.org\/{rel}","templated":true}]}}